{"id":234,"date":"2025-09-10T11:56:59","date_gmt":"2025-09-10T16:56:59","guid":{"rendered":"http:\/\/localhost\/web\/?page_id=234"},"modified":"2025-09-10T12:13:55","modified_gmt":"2025-09-10T17:13:55","slug":"nosotros","status":"publish","type":"page","link":"https:\/\/iepcervello.edu.pe\/portal\/nosotros\/","title":{"rendered":"Nosotros"},"content":{"rendered":"\t\t<div data-elementor-type=\"wp-page\" data-elementor-id=\"234\" class=\"elementor elementor-234\" data-elementor-post-type=\"page\">\n\t\t\t\t<div class=\"elementor-element elementor-element-4a00e0c e-flex e-con-boxed e-con e-parent\" data-id=\"4a00e0c\" data-element_type=\"container\">\n\t\t\t\t\t<div class=\"e-con-inner\">\n\t\t\t\t<div class=\"elementor-element elementor-element-c236631 animated-slow elementor-invisible elementor-widget elementor-widget-text-editor\" data-id=\"c236631\" data-element_type=\"widget\" data-settings=\"{&quot;_animation&quot;:&quot;bounceInDown&quot;}\" data-widget_type=\"text-editor.default\">\n\t\t\t\t\t\t\t\t\t<h3 style=\"text-align: center;\"><strong><span style=\"color: #800000;\">Misi\u00f3n y Visi\u00f3n<\/span><\/strong><\/h3>\t\t\t\t\t\t\t\t<\/div>\n\t\t\t\t\t<\/div>\n\t\t\t\t<\/div>\n\t\t<div class=\"elementor-element elementor-element-191933c e-flex e-con-boxed e-con e-parent\" data-id=\"191933c\" data-element_type=\"container\">\n\t\t\t\t\t<div class=\"e-con-inner\">\n\t\t<div class=\"elementor-element elementor-element-cff59a7 e-con-full animated-slow e-flex elementor-invisible e-con e-child\" data-id=\"cff59a7\" data-element_type=\"container\" data-settings=\"{&quot;animation&quot;:&quot;rubberBand&quot;}\">\n\t\t\t\t<div class=\"elementor-element elementor-element-0d17d1c elementor-widget elementor-widget-video\" data-id=\"0d17d1c\" data-element_type=\"widget\" data-settings=\"{&quot;youtube_url&quot;:&quot;https:\\\/\\\/www.youtube.com\\\/watch?v=QyNt0tcO_eY&amp;ab_channel=CEPPSantaMar%C3%ADadeCervell%C3%B3&quot;,&quot;start&quot;:3,&quot;end&quot;:380,&quot;autoplay&quot;:&quot;yes&quot;,&quot;mute&quot;:&quot;yes&quot;,&quot;loop&quot;:&quot;yes&quot;,&quot;video_type&quot;:&quot;youtube&quot;,&quot;controls&quot;:&quot;yes&quot;}\" data-widget_type=\"video.default\">\n\t\t\t\t\t\t\t<div class=\"elementor-wrapper elementor-open-inline\">\n\t\t\t<div class=\"elementor-video\"><\/div>\t\t<\/div>\n\t\t\t\t\t\t<\/div>\n\t\t\t\t<\/div>\n\t\t<div class=\"elementor-element elementor-element-28cbeb3 e-con-full e-flex e-con e-child\" data-id=\"28cbeb3\" data-element_type=\"container\">\n\t\t\t\t<div class=\"elementor-element elementor-element-f6ef659 elementor-position-left animated-slow elementor-view-default elementor-mobile-position-top elementor-invisible elementor-widget elementor-widget-icon-box\" data-id=\"f6ef659\" data-element_type=\"widget\" data-settings=\"{&quot;_animation&quot;:&quot;bounceInDown&quot;}\" data-widget_type=\"icon-box.default\">\n\t\t\t\t\t\t\t<div class=\"elementor-icon-box-wrapper\">\n\n\t\t\t\t\t\t<div class=\"elementor-icon-box-icon\">\n\t\t\t\t<span  class=\"elementor-icon\">\n\t\t\t\t<svg aria-hidden=\"true\" class=\"e-font-icon-svg e-fab-leanpub\" viewBox=\"0 0 576 512\" xmlns=\"http:\/\/www.w3.org\/2000\/svg\"><path d=\"M386.539 111.485l15.096 248.955-10.979-.275c-36.232-.824-71.64 8.783-102.657 27.997-31.016-19.214-66.424-27.997-102.657-27.997-45.564 0-82.07 10.705-123.516 27.723L93.117 129.6c28.546-11.803 61.484-18.115 92.226-18.115 41.173 0 73.836 13.175 102.657 42.544 27.723-28.271 59.013-41.721 98.539-42.544zM569.07 448c-25.526 0-47.485-5.215-70.542-15.645-34.31-15.645-69.993-24.978-107.871-24.978-38.977 0-74.934 12.901-102.657 40.623-27.723-27.723-63.68-40.623-102.657-40.623-37.878 0-73.561 9.333-107.871 24.978C55.239 442.236 32.731 448 8.303 448H6.93L49.475 98.859C88.726 76.626 136.486 64 181.775 64 218.83 64 256.984 71.685 288 93.095 319.016 71.685 357.17 64 394.225 64c45.289 0 93.049 12.626 132.3 34.859L569.07 448zm-43.368-44.741l-34.036-280.246c-30.742-13.999-67.248-21.41-101.009-21.41-38.428 0-74.385 12.077-102.657 38.702-28.272-26.625-64.228-38.702-102.657-38.702-33.761 0-70.267 7.411-101.009 21.41L50.298 403.259c47.211-19.487 82.894-33.486 135.045-33.486 37.604 0 70.817 9.606 102.657 29.644 31.84-20.038 65.052-29.644 102.657-29.644 52.151 0 87.834 13.999 135.045 33.486z\"><\/path><\/svg>\t\t\t\t<\/span>\n\t\t\t<\/div>\n\t\t\t\n\t\t\t\t\t\t<div class=\"elementor-icon-box-content\">\n\n\t\t\t\t\t\t\t\t\t<h4 class=\"elementor-icon-box-title\">\n\t\t\t\t\t\t<span  >\n\t\t\t\t\t\t\t<span style=\"color:#b30b0b\">Misi\u00f3n<\/span>\t\t\t\t\t\t<\/span>\n\t\t\t\t\t<\/h4>\n\t\t\t\t\n\t\t\t\t\t\t\t\t\t<p class=\"elementor-icon-box-description\">\n\t\t\t\t\t\tSomos una Instituci\u00f3n Educativa Cat\u00f3lica del distrito de Nuevo Chimbote, fundamentada en los valores evang\u00e9licos y el carisma de la Congregaci\u00f3n de Religiosas Mercedarias Misioneras. Ofrecemos una educaci\u00f3n integral y liberadora, acompa\u00f1ando a nuestros estudiantes en el desarrollo de su autoformaci\u00f3n y compromiso transformador de su entorno.\t\t\t\t\t<\/p>\n\t\t\t\t\n\t\t\t<\/div>\n\t\t\t\n\t\t<\/div>\n\t\t\t\t\t\t<\/div>\n\t\t\t\t<div class=\"elementor-element elementor-element-c16aa8e elementor-position-left animated-slow elementor-view-default elementor-mobile-position-top elementor-invisible elementor-widget elementor-widget-icon-box\" data-id=\"c16aa8e\" data-element_type=\"widget\" data-settings=\"{&quot;_animation&quot;:&quot;bounceInDown&quot;}\" data-widget_type=\"icon-box.default\">\n\t\t\t\t\t\t\t<div class=\"elementor-icon-box-wrapper\">\n\n\t\t\t\t\t\t<div class=\"elementor-icon-box-icon\">\n\t\t\t\t<span  class=\"elementor-icon\">\n\t\t\t\t<svg aria-hidden=\"true\" class=\"e-font-icon-svg e-fab-leanpub\" viewBox=\"0 0 576 512\" xmlns=\"http:\/\/www.w3.org\/2000\/svg\"><path d=\"M386.539 111.485l15.096 248.955-10.979-.275c-36.232-.824-71.64 8.783-102.657 27.997-31.016-19.214-66.424-27.997-102.657-27.997-45.564 0-82.07 10.705-123.516 27.723L93.117 129.6c28.546-11.803 61.484-18.115 92.226-18.115 41.173 0 73.836 13.175 102.657 42.544 27.723-28.271 59.013-41.721 98.539-42.544zM569.07 448c-25.526 0-47.485-5.215-70.542-15.645-34.31-15.645-69.993-24.978-107.871-24.978-38.977 0-74.934 12.901-102.657 40.623-27.723-27.723-63.68-40.623-102.657-40.623-37.878 0-73.561 9.333-107.871 24.978C55.239 442.236 32.731 448 8.303 448H6.93L49.475 98.859C88.726 76.626 136.486 64 181.775 64 218.83 64 256.984 71.685 288 93.095 319.016 71.685 357.17 64 394.225 64c45.289 0 93.049 12.626 132.3 34.859L569.07 448zm-43.368-44.741l-34.036-280.246c-30.742-13.999-67.248-21.41-101.009-21.41-38.428 0-74.385 12.077-102.657 38.702-28.272-26.625-64.228-38.702-102.657-38.702-33.761 0-70.267 7.411-101.009 21.41L50.298 403.259c47.211-19.487 82.894-33.486 135.045-33.486 37.604 0 70.817 9.606 102.657 29.644 31.84-20.038 65.052-29.644 102.657-29.644 52.151 0 87.834 13.999 135.045 33.486z\"><\/path><\/svg>\t\t\t\t<\/span>\n\t\t\t<\/div>\n\t\t\t\n\t\t\t\t\t\t<div class=\"elementor-icon-box-content\">\n\n\t\t\t\t\t\t\t\t\t<h4 class=\"elementor-icon-box-title\">\n\t\t\t\t\t\t<span  >\n\t\t\t\t\t\t\t<span style=\"color:#b30b0b\">Visi\u00f3n<\/span>\t\t\t\t\t\t<\/span>\n\t\t\t\t\t<\/h4>\n\t\t\t\t\n\t\t\t\t\t\t\t\t\t<p class=\"elementor-icon-box-description\">\n\t\t\t\t\t\tEn el a\u00f1o 2026, la Instituci\u00f3n Educativa Particular Parroquial \u201cSanta Mar\u00eda de Cervell\u00f3\u201d, ser\u00e1 reconocida como una comunidad educativa de calidad, comprometida con los principios mercedarios, con un alto sentido de respeto por la vida y dignidad de la persona, en un \u00f3ptimo clima institucional.\t\t\t\t\t<\/p>\n\t\t\t\t\n\t\t\t<\/div>\n\t\t\t\n\t\t<\/div>\n\t\t\t\t\t\t<\/div>\n\t\t\t\t<\/div>\n\t\t\t\t\t<\/div>\n\t\t\t\t<\/div>\n\t\t\t\t<\/div>\n\t\t","protected":false},"excerpt":{"rendered":"<p>Misi\u00f3n y Visi\u00f3n https:\/\/www.youtube.com\/watch?v=QyNt0tcO_eY&#038;ab_channel=CEPPSantaMar%C3%ADadeCervell%C3%B3 Misi\u00f3n Somos una Instituci\u00f3n Educativa Cat\u00f3lica del distrito de Nuevo Chimbote, fundamentada en los valores evang\u00e9licos y el carisma de la Congregaci\u00f3n de Religiosas Mercedarias Misioneras. Ofrecemos una educaci\u00f3n integral y liberadora, acompa\u00f1ando a nuestros estudiantes en el desarrollo de su autoformaci\u00f3n y compromiso transformador de su entorno. Visi\u00f3n En el [&hellip;]<\/p>\n","protected":false},"author":1,"featured_media":0,"parent":0,"menu_order":0,"comment_status":"closed","ping_status":"closed","template":"","meta":{"footnotes":""},"class_list":["post-234","page","type-page","status-publish","hentry"],"blocksy_meta":[],"_links":{"self":[{"href":"https:\/\/iepcervello.edu.pe\/portal\/wp-json\/wp\/v2\/pages\/234","targetHints":{"allow":["GET"]}}],"collection":[{"href":"https:\/\/iepcervello.edu.pe\/portal\/wp-json\/wp\/v2\/pages"}],"about":[{"href":"https:\/\/iepcervello.edu.pe\/portal\/wp-json\/wp\/v2\/types\/page"}],"author":[{"embeddable":true,"href":"https:\/\/iepcervello.edu.pe\/portal\/wp-json\/wp\/v2\/users\/1"}],"replies":[{"embeddable":true,"href":"https:\/\/iepcervello.edu.pe\/portal\/wp-json\/wp\/v2\/comments?post=234"}],"version-history":[{"count":10,"href":"https:\/\/iepcervello.edu.pe\/portal\/wp-json\/wp\/v2\/pages\/234\/revisions"}],"predecessor-version":[{"id":245,"href":"https:\/\/iepcervello.edu.pe\/portal\/wp-json\/wp\/v2\/pages\/234\/revisions\/245"}],"wp:attachment":[{"href":"https:\/\/iepcervello.edu.pe\/portal\/wp-json\/wp\/v2\/media?parent=234"}],"curies":[{"name":"wp","href":"https:\/\/api.w.org\/{rel}","templated":true}]}}