{"id":1468,"date":"2025-12-09T07:38:29","date_gmt":"2025-12-09T12:38:29","guid":{"rendered":"https:\/\/iepcervello.edu.pe\/portal\/?page_id=1468"},"modified":"2025-12-09T08:51:43","modified_gmt":"2025-12-09T13:51:43","slug":"oportunidad-laboral","status":"publish","type":"page","link":"https:\/\/iepcervello.edu.pe\/portal\/oportunidad-laboral\/","title":{"rendered":"Oportunidad laboral"},"content":{"rendered":"\t\t<div data-elementor-type=\"wp-page\" data-elementor-id=\"1468\" class=\"elementor elementor-1468\" data-elementor-post-type=\"page\">\n\t\t\t\t<div class=\"elementor-element elementor-element-dcae1a6 e-flex e-con-boxed elementor-invisible e-con e-parent\" data-id=\"dcae1a6\" data-element_type=\"container\" data-settings=\"{&quot;animation&quot;:&quot;fadeInLeft&quot;}\">\n\t\t\t\t\t<div class=\"e-con-inner\">\n\t\t\t\t<div class=\"elementor-element elementor-element-20b752c elementor-widget elementor-widget-heading\" data-id=\"20b752c\" data-element_type=\"widget\" data-widget_type=\"heading.default\">\n\t\t\t\t\t<h2 class=\"elementor-heading-title elementor-size-default\">Oportunidad Laboral<\/h2>\t\t\t\t<\/div>\n\t\t\t\t\t<\/div>\n\t\t\t\t<\/div>\n\t\t<div class=\"elementor-element elementor-element-7b9cdb8 e-flex e-con-boxed e-con e-parent\" data-id=\"7b9cdb8\" data-element_type=\"container\">\n\t\t\t\t\t<div class=\"e-con-inner\">\n\t\t<div class=\"elementor-element elementor-element-9320e4a e-con-full e-flex e-con e-child\" data-id=\"9320e4a\" data-element_type=\"container\">\n\t\t\t\t<div class=\"elementor-element elementor-element-f16a368 elementor-invisible elementor-widget elementor-widget-image\" data-id=\"f16a368\" data-element_type=\"widget\" data-settings=\"{&quot;_animation&quot;:&quot;fadeInDown&quot;}\" data-widget_type=\"image.default\">\n\t\t\t\t\t\t\t\t\t\t\t\t\t\t\t<img loading=\"lazy\" decoding=\"async\" width=\"687\" height=\"1024\" src=\"https:\/\/iepcervello.edu.pe\/portal\/wp-content\/uploads\/2025\/12\/CV_cervello_2026-687x1024.png\" class=\"attachment-large size-large wp-image-1470\" alt=\"\" srcset=\"https:\/\/iepcervello.edu.pe\/portal\/wp-content\/uploads\/2025\/12\/CV_cervello_2026-687x1024.png 687w, https:\/\/iepcervello.edu.pe\/portal\/wp-content\/uploads\/2025\/12\/CV_cervello_2026-201x300.png 201w, https:\/\/iepcervello.edu.pe\/portal\/wp-content\/uploads\/2025\/12\/CV_cervello_2026-768x1145.png 768w, https:\/\/iepcervello.edu.pe\/portal\/wp-content\/uploads\/2025\/12\/CV_cervello_2026-1030x1536.png 1030w, https:\/\/iepcervello.edu.pe\/portal\/wp-content\/uploads\/2025\/12\/CV_cervello_2026-1374x2048.png 1374w, https:\/\/iepcervello.edu.pe\/portal\/wp-content\/uploads\/2025\/12\/CV_cervello_2026.png 1696w\" sizes=\"auto, (max-width: 687px) 100vw, 687px\" \/>\t\t\t\t\t\t\t\t\t\t\t\t\t\t\t<\/div>\n\t\t\t\t<\/div>\n\t\t<div class=\"elementor-element elementor-element-8c308cc e-con-full e-flex e-con e-child\" data-id=\"8c308cc\" data-element_type=\"container\">\n\t\t<div class=\"elementor-element elementor-element-16e215f e-con-full e-flex e-con e-child\" data-id=\"16e215f\" data-element_type=\"container\">\n\t\t\t\t<div class=\"elementor-element elementor-element-662e7f0 elementor-invisible elementor-widget elementor-widget-text-editor\" data-id=\"662e7f0\" data-element_type=\"widget\" data-settings=\"{&quot;_animation&quot;:&quot;rubberBand&quot;}\" data-widget_type=\"text-editor.default\">\n\t\t\t\t\t\t\t\t\t<p style=\"text-align: justify;\">Si compartes nuestra pasi\u00f3n por la educaci\u00f3n y el servicio vocacional, te invitamos a unirte a la I.E.P. <strong>\u201cSanta Mar\u00eda de Cervell\u00f3\u201d<\/strong>, una instituci\u00f3n que promueve el crecimiento personal, la excelencia acad\u00e9mica y la formaci\u00f3n integral de nuestros estudiantes.<\/p><p style=\"text-align: justify;\">Buscamos <strong>profesionales con s\u00f3lida preparaci\u00f3n pedag\u00f3gica, \u00e9tica de trabajo, innovaci\u00f3n en el aula y aut\u00e9ntico esp\u00edritu de servicio<\/strong>, que deseen aportar a la construcci\u00f3n de una propuesta educativa centrada en valores y calidad humana.<\/p><p style=\"text-align: justify;\">\ud83d\udccc <strong>\u00bfDeseas postular?<\/strong><br \/>Te invitamos a enviarnos tu <strong>Curr\u00edculum Vitae en formato Word o PDF<\/strong> al correo:<\/p><p>\ud83d\udce9 <strong><a class=\"decorated-link cursor-pointer\" rel=\"noopener\">curriculum@iepcervello.edu.pe<\/a><\/strong><\/p><p style=\"text-align: justify;\">Indica en el asunto <strong data-start=\"442\" data-end=\"476\">el nivel y \u00e1rea de postulaci\u00f3n<\/strong>, junto con tus datos de contacto.<\/p>\t\t\t\t\t\t\t\t<\/div>\n\t\t\t\t<\/div>\n\t\t<div class=\"elementor-element elementor-element-ebeddd6 e-con-full e-flex e-con e-child\" data-id=\"ebeddd6\" data-element_type=\"container\">\n\t\t\t\t<\/div>\n\t\t\t\t<\/div>\n\t\t\t\t\t<\/div>\n\t\t\t\t<\/div>\n\t\t<div class=\"elementor-element elementor-element-12dfcb9 e-flex e-con-boxed e-con e-parent\" data-id=\"12dfcb9\" data-element_type=\"container\">\n\t\t\t\t\t<div class=\"e-con-inner\">\n\t\t\t\t\t<\/div>\n\t\t\t\t<\/div>\n\t\t\t\t<\/div>\n\t\t","protected":false},"excerpt":{"rendered":"<p>Oportunidad Laboral Si compartes nuestra pasi\u00f3n por la educaci\u00f3n y el servicio vocacional, te invitamos a unirte a la I.E.P. \u201cSanta Mar\u00eda de Cervell\u00f3\u201d, una instituci\u00f3n que promueve el crecimiento personal, la excelencia acad\u00e9mica y la formaci\u00f3n integral de nuestros estudiantes. Buscamos profesionales con s\u00f3lida preparaci\u00f3n pedag\u00f3gica, \u00e9tica de trabajo, innovaci\u00f3n en el aula y [&hellip;]<\/p>\n","protected":false},"author":1,"featured_media":0,"parent":0,"menu_order":0,"comment_status":"closed","ping_status":"closed","template":"","meta":{"footnotes":""},"class_list":["post-1468","page","type-page","status-publish","hentry"],"blocksy_meta":[],"_links":{"self":[{"href":"https:\/\/iepcervello.edu.pe\/portal\/wp-json\/wp\/v2\/pages\/1468","targetHints":{"allow":["GET"]}}],"collection":[{"href":"https:\/\/iepcervello.edu.pe\/portal\/wp-json\/wp\/v2\/pages"}],"about":[{"href":"https:\/\/iepcervello.edu.pe\/portal\/wp-json\/wp\/v2\/types\/page"}],"author":[{"embeddable":true,"href":"https:\/\/iepcervello.edu.pe\/portal\/wp-json\/wp\/v2\/users\/1"}],"replies":[{"embeddable":true,"href":"https:\/\/iepcervello.edu.pe\/portal\/wp-json\/wp\/v2\/comments?post=1468"}],"version-history":[{"count":17,"href":"https:\/\/iepcervello.edu.pe\/portal\/wp-json\/wp\/v2\/pages\/1468\/revisions"}],"predecessor-version":[{"id":1499,"href":"https:\/\/iepcervello.edu.pe\/portal\/wp-json\/wp\/v2\/pages\/1468\/revisions\/1499"}],"wp:attachment":[{"href":"https:\/\/iepcervello.edu.pe\/portal\/wp-json\/wp\/v2\/media?parent=1468"}],"curies":[{"name":"wp","href":"https:\/\/api.w.org\/{rel}","templated":true}]}}