{"id":1258,"date":"2025-10-07T13:09:46","date_gmt":"2025-10-07T18:09:46","guid":{"rendered":"https:\/\/iepcervello.edu.pe\/portal\/?page_id=1258"},"modified":"2025-10-07T13:11:29","modified_gmt":"2025-10-07T18:11:29","slug":"nuestros_principios","status":"publish","type":"page","link":"https:\/\/iepcervello.edu.pe\/portal\/nuestros_principios\/","title":{"rendered":"nuestros_principios"},"content":{"rendered":"\t\t<div data-elementor-type=\"wp-page\" data-elementor-id=\"1258\" class=\"elementor elementor-1258\" data-elementor-post-type=\"page\">\n\t\t\t\t<div class=\"elementor-element elementor-element-a78dafb e-flex e-con-boxed elementor-invisible e-con e-parent\" data-id=\"a78dafb\" data-element_type=\"container\" data-settings=\"{&quot;animation&quot;:&quot;rubberBand&quot;}\">\n\t\t\t\t\t<div class=\"e-con-inner\">\n\t\t\t\t<div class=\"elementor-element elementor-element-24f4d22 elementor-widget elementor-widget-heading\" data-id=\"24f4d22\" data-element_type=\"widget\" data-widget_type=\"heading.default\">\n\t\t\t\t\t<h2 class=\"elementor-heading-title elementor-size-default\">Nuestros Principios<\/h2>\t\t\t\t<\/div>\n\t\t\t\t\t<\/div>\n\t\t\t\t<\/div>\n\t\t<div class=\"elementor-element elementor-element-be9cf37 e-flex e-con-boxed elementor-invisible e-con e-parent\" data-id=\"be9cf37\" data-element_type=\"container\" data-settings=\"{&quot;animation&quot;:&quot;bounceInDown&quot;}\">\n\t\t\t\t\t<div class=\"e-con-inner\">\n\t\t\t\t<div class=\"elementor-element elementor-element-855e2f6 elementor-widget elementor-widget-text-editor\" data-id=\"855e2f6\" data-element_type=\"widget\" data-widget_type=\"text-editor.default\">\n\t\t\t\t\t\t\t\t\t<div style=\"text-align: justify; font-family: Arial, sans-serif; font-size: 15px; line-height: 1.7; color: #333;\"><strong style=\"color: #2a6ebb; font-size: 17px;\">Nuestros Principios<\/strong><br \/><br \/><p>Constituyen nuestro CREDO institucional las creencias, ideales, valores y aspiraciones que pretendemos profundizar y vivir en comunidad, para que iluminen nuestro caminar pedag\u00f3gico. Optamos por:<br \/><br \/><\/p><p>La Transversalidad del fundamento b\u00edblico de nuestra identidad carism\u00e1tica se plasma en una Propuesta Educativa que humaniza, libera y busca la trascendencia de la persona, partiendo de la propia liberaci\u00f3n.<br \/><br \/><\/p><p>La Educaci\u00f3n Integral y Liberadora basada en la solidaridad y el compartir, en la gratuidad y el servicio, en la criticidad y creatividad, en el gozo de creer y esperar en el Dios que nos ha liberado en Jes\u00fas de Nazaret. Forma a la persona en responsabilidad, autonom\u00eda y perseverancia en su propio proyecto de vida, que le lleve a vivir plenamente, a ser feliz.<br \/><br \/><\/p><p>Compromiso con la transformaci\u00f3n del mundo. A partir de \u201cUna formaci\u00f3n que produzca una toma de conciencia cr\u00edtica y reflexiva de la realidad\u201d.<br \/><br \/><\/p><p>Educaci\u00f3n que atiende a la diversidad. Todo mercedario tiene que ser capaz de aceptar y amar las diferencias, consider\u00e1ndolas como oportunidades de humanizaci\u00f3n y de enriquecimiento en el enfoque de una educaci\u00f3n integral y liberadora.<br \/><br \/><\/p><p>Comunidad comprometida y corresponsable con la formaci\u00f3n continua, y en la que cada una y cada uno debe estar comprometido y ser corresponsable de fortalecer los procesos educativos y pastorales, que le permitan crecer en la dimensi\u00f3n personal, profesional y espiritual.<br \/><br \/><\/p><p>Clima de di\u00e1logo, apertura, fraternidad y libertad, trabajo en equipo y cuidado de la casa com\u00fan. Esta vivencia tambi\u00e9n nos enlaza con el cuidado de la casa com\u00fan para poder responder al llamado que nos hace el Papa Francisco en su Carta Enc\u00edclica Laudato SI N\u00ba13: \u201cEl desaf\u00edo urgente de proteger nuestra casa com\u00fan incluye la preocupaci\u00f3n de unir a toda la familia humana en la b\u00fasqueda de un desarrollo sostenible e integral, pues sabemos que las cosas pueden cambiar\u201d.<br \/><br \/><\/p><p>Calidad y excelencia. La b\u00fasqueda de la calidad de los procesos educativos y la excelencia en todos los proyectos que emprendemos debe ser un rasgo caracter\u00edstico de la cultura organizacional de nuestra instituci\u00f3n educativa mercedaria, ello implica ser eficaces y eficientes pero sin perder de vista los procesos y no solo preocuparnos de los resultados.<br \/><br \/><\/p><p>A trav\u00e9s de la vivencia de nuestros principios, mantenemos vigentes el legado de nuestros fundadores y respondemos a las demandas de nuestro siglo. Hacemos nuestras las palabras del Santo Padre Francisco cuando en su Mensaje a las comunidades educativas \u201cCon audacia entre todos\u201d nos propone el desaf\u00edo de buscar \u201cfrutos y resultados\u201d que los y las estudiantes crezcan como personas, en sabidur\u00eda, autonom\u00eda y creatividad, y al mismo tiempo en desarrollo y maduraci\u00f3n de habilidades y conocimientos.<\/p><\/div>\t\t\t\t\t\t\t\t<\/div>\n\t\t\t\t\t<\/div>\n\t\t\t\t<\/div>\n\t\t\t\t<\/div>\n\t\t","protected":false},"excerpt":{"rendered":"<p>Nuestros Principios Nuestros Principios Constituyen nuestro CREDO institucional las creencias, ideales, valores y aspiraciones que pretendemos profundizar y vivir en comunidad, para que iluminen nuestro caminar pedag\u00f3gico. Optamos por: La Transversalidad del fundamento b\u00edblico de nuestra identidad carism\u00e1tica se plasma en una Propuesta Educativa que humaniza, libera y busca la trascendencia de la persona, partiendo [&hellip;]<\/p>\n","protected":false},"author":1,"featured_media":0,"parent":0,"menu_order":0,"comment_status":"closed","ping_status":"closed","template":"","meta":{"footnotes":""},"class_list":["post-1258","page","type-page","status-publish","hentry"],"blocksy_meta":[],"_links":{"self":[{"href":"https:\/\/iepcervello.edu.pe\/portal\/wp-json\/wp\/v2\/pages\/1258","targetHints":{"allow":["GET"]}}],"collection":[{"href":"https:\/\/iepcervello.edu.pe\/portal\/wp-json\/wp\/v2\/pages"}],"about":[{"href":"https:\/\/iepcervello.edu.pe\/portal\/wp-json\/wp\/v2\/types\/page"}],"author":[{"embeddable":true,"href":"https:\/\/iepcervello.edu.pe\/portal\/wp-json\/wp\/v2\/users\/1"}],"replies":[{"embeddable":true,"href":"https:\/\/iepcervello.edu.pe\/portal\/wp-json\/wp\/v2\/comments?post=1258"}],"version-history":[{"count":10,"href":"https:\/\/iepcervello.edu.pe\/portal\/wp-json\/wp\/v2\/pages\/1258\/revisions"}],"predecessor-version":[{"id":1268,"href":"https:\/\/iepcervello.edu.pe\/portal\/wp-json\/wp\/v2\/pages\/1258\/revisions\/1268"}],"wp:attachment":[{"href":"https:\/\/iepcervello.edu.pe\/portal\/wp-json\/wp\/v2\/media?parent=1258"}],"curies":[{"name":"wp","href":"https:\/\/api.w.org\/{rel}","templated":true}]}}