{"id":1242,"date":"2025-10-07T13:05:51","date_gmt":"2025-10-07T18:05:51","guid":{"rendered":"https:\/\/iepcervello.edu.pe\/portal\/?page_id=1242"},"modified":"2025-10-07T13:06:54","modified_gmt":"2025-10-07T18:06:54","slug":"nuestros_valores","status":"publish","type":"page","link":"https:\/\/iepcervello.edu.pe\/portal\/nuestros_valores\/","title":{"rendered":"nuestros_valores"},"content":{"rendered":"\t\t<div data-elementor-type=\"wp-page\" data-elementor-id=\"1242\" class=\"elementor elementor-1242\" data-elementor-post-type=\"page\">\n\t\t\t\t<div class=\"elementor-element elementor-element-6084895 e-flex e-con-boxed e-con e-parent\" data-id=\"6084895\" data-element_type=\"container\">\n\t\t\t\t\t<div class=\"e-con-inner\">\n\t\t\t\t<div class=\"elementor-element elementor-element-ed00fd8 elementor-widget elementor-widget-heading\" data-id=\"ed00fd8\" data-element_type=\"widget\" data-widget_type=\"heading.default\">\n\t\t\t\t\t<h2 class=\"elementor-heading-title elementor-size-default\">Nuestro Valores<\/h2>\t\t\t\t<\/div>\n\t\t\t\t\t<\/div>\n\t\t\t\t<\/div>\n\t\t<div class=\"elementor-element elementor-element-73801d8 e-flex e-con-boxed e-con e-parent\" data-id=\"73801d8\" data-element_type=\"container\">\n\t\t\t\t\t<div class=\"e-con-inner\">\n\t\t\t\t<div class=\"elementor-element elementor-element-65b213a elementor-widget elementor-widget-text-editor\" data-id=\"65b213a\" data-element_type=\"widget\" data-widget_type=\"text-editor.default\">\n\t\t\t\t\t\t\t\t\t<div style=\"text-align: justify; font-family: Arial, sans-serif; font-size: 15px; line-height: 1.7; color: #333;\">\n  <strong>Libertad<\/strong><br><br>\n  La vivencia de la libertad, en nuestro estilo educativo, permite decidir y optar por un mundo m\u00e1s justo y fraterno, desde el respeto mutuo que promueve el di\u00e1logo, la apertura y tolerancia en el compartir las ideas, la cr\u00edtica constructiva y la autocr\u00edtica, teniendo como modelo en nuestras acciones cotidianas a Cristo Redentor y a Lutgarda para testimoniar el amor liberador.<br><br>\n\n  <strong>Solidaridad<\/strong><br><br>\n  Formamos en el valor de la solidaridad aprendiendo a compartir y sentir las preocupaciones y sufrimientos de los hombres y mujeres, sobre todo de los m\u00e1s necesitados, con actitud generosa, fraterna y activa, coherente con los valores del Evangelio.<br><br>\n\n  <strong>Responsabilidad<\/strong><br><br>\n  Gracias a la responsabilidad podemos convivir de manera arm\u00f3nica, pac\u00edfica y equitativa porque nos ayuda a tomar conciencia de nuestras decisiones aut\u00f3nomas y honestas, as\u00ed como del compromiso por lograr nuestras metas y objetivos personales e institucionales.<br><br>\n\n  <strong>Justicia<\/strong><br><br>\n  El valor de la Justicia regula la conducta social de la persona, dispone a la equidad como parte del respeto a los derechos de cada uno, as\u00ed como el fomento de la armon\u00eda en las relaciones humanas y el bien com\u00fan de los integrantes de las Instituciones Educativas.<br><br>\n\n  <strong>Verdad<\/strong><br><br>\n  Es un valor \u00e9tico. Permite orientar nuestro comportamiento en funci\u00f3n de realizarnos como personas en coherencia con el magisterio de la Iglesia e iluminados por la Verdad plena que es Jesucristo Redentor.\n<\/div>\n\t\t\t\t\t\t\t\t<\/div>\n\t\t\t\t\t<\/div>\n\t\t\t\t<\/div>\n\t\t\t\t<\/div>\n\t\t","protected":false},"excerpt":{"rendered":"<p>Nuestro Valores Libertad La vivencia de la libertad, en nuestro estilo educativo, permite decidir y optar por un mundo m\u00e1s justo y fraterno, desde el respeto mutuo que promueve el di\u00e1logo, la apertura y tolerancia en el compartir las ideas, la cr\u00edtica constructiva y la autocr\u00edtica, teniendo como modelo en nuestras acciones cotidianas a Cristo [&hellip;]<\/p>\n","protected":false},"author":1,"featured_media":0,"parent":0,"menu_order":0,"comment_status":"closed","ping_status":"closed","template":"","meta":{"footnotes":""},"class_list":["post-1242","page","type-page","status-publish","hentry"],"blocksy_meta":[],"_links":{"self":[{"href":"https:\/\/iepcervello.edu.pe\/portal\/wp-json\/wp\/v2\/pages\/1242","targetHints":{"allow":["GET"]}}],"collection":[{"href":"https:\/\/iepcervello.edu.pe\/portal\/wp-json\/wp\/v2\/pages"}],"about":[{"href":"https:\/\/iepcervello.edu.pe\/portal\/wp-json\/wp\/v2\/types\/page"}],"author":[{"embeddable":true,"href":"https:\/\/iepcervello.edu.pe\/portal\/wp-json\/wp\/v2\/users\/1"}],"replies":[{"embeddable":true,"href":"https:\/\/iepcervello.edu.pe\/portal\/wp-json\/wp\/v2\/comments?post=1242"}],"version-history":[{"count":7,"href":"https:\/\/iepcervello.edu.pe\/portal\/wp-json\/wp\/v2\/pages\/1242\/revisions"}],"predecessor-version":[{"id":1249,"href":"https:\/\/iepcervello.edu.pe\/portal\/wp-json\/wp\/v2\/pages\/1242\/revisions\/1249"}],"wp:attachment":[{"href":"https:\/\/iepcervello.edu.pe\/portal\/wp-json\/wp\/v2\/media?parent=1242"}],"curies":[{"name":"wp","href":"https:\/\/api.w.org\/{rel}","templated":true}]}}