{"id":1231,"date":"2025-10-07T13:00:50","date_gmt":"2025-10-07T18:00:50","guid":{"rendered":"https:\/\/iepcervello.edu.pe\/portal\/?page_id=1231"},"modified":"2025-10-07T13:56:36","modified_gmt":"2025-10-07T18:56:36","slug":"nuestra_identidad","status":"publish","type":"page","link":"https:\/\/iepcervello.edu.pe\/portal\/nuestra_identidad\/","title":{"rendered":"nuestra_identidad"},"content":{"rendered":"\t\t<div data-elementor-type=\"wp-page\" data-elementor-id=\"1231\" class=\"elementor elementor-1231\" data-elementor-post-type=\"page\">\n\t\t\t\t<div class=\"elementor-element elementor-element-f180c28 e-flex e-con-boxed e-con e-parent\" data-id=\"f180c28\" data-element_type=\"container\">\n\t\t\t\t\t<div class=\"e-con-inner\">\n\t\t\t\t<div class=\"elementor-element elementor-element-194ba3f elementor-widget elementor-widget-template\" data-id=\"194ba3f\" data-element_type=\"widget\" data-widget_type=\"template.default\">\n\t\t\t\t<div class=\"elementor-widget-container\">\n\t\t\t\t\t\t\t<div class=\"elementor-template\">\n\t\t\t\t\t<header data-elementor-type=\"header\" data-elementor-id=\"1336\" class=\"elementor elementor-1336\" data-elementor-post-type=\"elementor_library\">\n\t\t\t<div class=\"elementor-element elementor-element-74fd892 e-flex e-con-boxed e-con e-parent\" data-id=\"74fd892\" data-element_type=\"container\">\n\t\t\t\t\t<div class=\"e-con-inner\">\n\t\t<div class=\"elementor-element elementor-element-bcaea44 e-con-full e-flex e-con e-child\" data-id=\"bcaea44\" data-element_type=\"container\">\n\t\t\t\t<div class=\"elementor-element elementor-element-77cd0c0 elementor-widget elementor-widget-text-editor\" data-id=\"77cd0c0\" data-element_type=\"widget\" data-widget_type=\"text-editor.default\">\n\t\t\t\t\t\t\t\t\t<p><img loading=\"lazy\" decoding=\"async\" class=\"alignnone  wp-image-7\" src=\"https:\/\/iepcervello.edu.pe\/portal\/wp-content\/uploads\/2025\/09\/LOGO-2-SMC-2024-300x99.png\" alt=\"\" width=\"246\" height=\"81\" srcset=\"https:\/\/iepcervello.edu.pe\/portal\/wp-content\/uploads\/2025\/09\/LOGO-2-SMC-2024-300x99.png 300w, https:\/\/iepcervello.edu.pe\/portal\/wp-content\/uploads\/2025\/09\/LOGO-2-SMC-2024-1024x338.png 1024w, https:\/\/iepcervello.edu.pe\/portal\/wp-content\/uploads\/2025\/09\/LOGO-2-SMC-2024-768x254.png 768w, https:\/\/iepcervello.edu.pe\/portal\/wp-content\/uploads\/2025\/09\/LOGO-2-SMC-2024-1536x507.png 1536w, https:\/\/iepcervello.edu.pe\/portal\/wp-content\/uploads\/2025\/09\/LOGO-2-SMC-2024.png 1623w\" sizes=\"auto, (max-width: 246px) 100vw, 246px\" \/><\/p>\t\t\t\t\t\t\t\t<\/div>\n\t\t\t\t<\/div>\n\t\t<div class=\"elementor-element elementor-element-8a2cea8 e-con-full e-flex e-con e-child\" data-id=\"8a2cea8\" data-element_type=\"container\">\n\t\t\t\t<div class=\"elementor-element elementor-element-83f35b9 e-full_width e-n-menu-layout-horizontal e-n-menu-tablet elementor-widget elementor-widget-n-menu\" data-id=\"83f35b9\" data-element_type=\"widget\" data-settings=\"{&quot;menu_items&quot;:[{&quot;item_title&quot;:&quot;Item #1&quot;,&quot;_id&quot;:&quot;3706b34&quot;,&quot;item_link&quot;:{&quot;url&quot;:&quot;&quot;,&quot;is_external&quot;:&quot;&quot;,&quot;nofollow&quot;:&quot;&quot;,&quot;custom_attributes&quot;:&quot;&quot;},&quot;item_dropdown_content&quot;:&quot;no&quot;,&quot;item_icon&quot;:{&quot;value&quot;:&quot;&quot;,&quot;library&quot;:&quot;&quot;},&quot;item_icon_active&quot;:null,&quot;element_id&quot;:&quot;&quot;},{&quot;item_title&quot;:&quot;Item #2&quot;,&quot;_id&quot;:&quot;b78aa61&quot;,&quot;item_link&quot;:{&quot;url&quot;:&quot;&quot;,&quot;is_external&quot;:&quot;&quot;,&quot;nofollow&quot;:&quot;&quot;,&quot;custom_attributes&quot;:&quot;&quot;},&quot;item_dropdown_content&quot;:&quot;no&quot;,&quot;item_icon&quot;:{&quot;value&quot;:&quot;&quot;,&quot;library&quot;:&quot;&quot;},&quot;item_icon_active&quot;:null,&quot;element_id&quot;:&quot;&quot;},{&quot;item_title&quot;:&quot;Item #3&quot;,&quot;_id&quot;:&quot;a44c184&quot;,&quot;item_link&quot;:{&quot;url&quot;:&quot;&quot;,&quot;is_external&quot;:&quot;&quot;,&quot;nofollow&quot;:&quot;&quot;,&quot;custom_attributes&quot;:&quot;&quot;},&quot;item_dropdown_content&quot;:&quot;no&quot;,&quot;item_icon&quot;:{&quot;value&quot;:&quot;&quot;,&quot;library&quot;:&quot;&quot;},&quot;item_icon_active&quot;:null,&quot;element_id&quot;:&quot;&quot;}],&quot;item_position_horizontal&quot;:&quot;end&quot;,&quot;content_width&quot;:&quot;full_width&quot;,&quot;item_layout&quot;:&quot;horizontal&quot;,&quot;open_on&quot;:&quot;hover&quot;,&quot;horizontal_scroll&quot;:&quot;disable&quot;,&quot;breakpoint_selector&quot;:&quot;tablet&quot;,&quot;menu_item_title_distance_from_content&quot;:{&quot;unit&quot;:&quot;px&quot;,&quot;size&quot;:0,&quot;sizes&quot;:[]},&quot;menu_item_title_distance_from_content_tablet&quot;:{&quot;unit&quot;:&quot;px&quot;,&quot;size&quot;:&quot;&quot;,&quot;sizes&quot;:[]},&quot;menu_item_title_distance_from_content_mobile&quot;:{&quot;unit&quot;:&quot;px&quot;,&quot;size&quot;:&quot;&quot;,&quot;sizes&quot;:[]}}\" data-widget_type=\"mega-menu.default\">\n\t\t\t\t\t\t\t<nav class=\"e-n-menu\" data-widget-number=\"138\" aria-label=\"Menu\">\n\t\t\t\t\t<button class=\"e-n-menu-toggle\" id=\"menu-toggle-138\" aria-haspopup=\"true\" aria-expanded=\"false\" aria-controls=\"menubar-138\" aria-label=\"Menu Toggle\">\n\t\t\t<span class=\"e-n-menu-toggle-icon e-open\">\n\t\t\t\t<svg class=\"e-font-icon-svg e-eicon-menu-bar\" viewBox=\"0 0 1000 1000\" xmlns=\"http:\/\/www.w3.org\/2000\/svg\"><path d=\"M104 333H896C929 333 958 304 958 271S929 208 896 208H104C71 208 42 237 42 271S71 333 104 333ZM104 583H896C929 583 958 554 958 521S929 458 896 458H104C71 458 42 487 42 521S71 583 104 583ZM104 833H896C929 833 958 804 958 771S929 708 896 708H104C71 708 42 737 42 771S71 833 104 833Z\"><\/path><\/svg>\t\t\t<\/span>\n\t\t\t<span class=\"e-n-menu-toggle-icon e-close\">\n\t\t\t\t<svg class=\"e-font-icon-svg e-eicon-close\" viewBox=\"0 0 1000 1000\" xmlns=\"http:\/\/www.w3.org\/2000\/svg\"><path d=\"M742 167L500 408 258 167C246 154 233 150 217 150 196 150 179 158 167 167 154 179 150 196 150 212 150 229 154 242 171 254L408 500 167 742C138 771 138 800 167 829 196 858 225 858 254 829L496 587 738 829C750 842 767 846 783 846 800 846 817 842 829 829 842 817 846 804 846 783 846 767 842 750 829 737L588 500 833 258C863 229 863 200 833 171 804 137 775 137 742 167Z\"><\/path><\/svg>\t\t\t<\/span>\n\t\t<\/button>\n\t\t\t\t\t<div class=\"e-n-menu-wrapper\" id=\"menubar-138\" aria-labelledby=\"menu-toggle-138\">\n\t\t\t\t<ul class=\"e-n-menu-heading\">\n\t\t\t\t\t\t\t\t<li class=\"e-n-menu-item\">\n\t\t\t\t<div id=\"e-n-menu-title-1381\" class=\"e-n-menu-title\">\n\t\t\t\t\t<div class=\"e-n-menu-title-container\">\t\t\t\t\t\t\t\t\t\t\t\t<span class=\"e-n-menu-title-text\">\n\t\t\t\t\t\t\tItem #1\t\t\t\t\t\t<\/span>\n\t\t\t\t\t<\/div>\t\t\t\t\t\t\t\t\t<\/div>\n\t\t\t\t\t\t\t<\/li>\n\t\t\t\t\t<li class=\"e-n-menu-item\">\n\t\t\t\t<div id=\"e-n-menu-title-1382\" class=\"e-n-menu-title\">\n\t\t\t\t\t<div class=\"e-n-menu-title-container\">\t\t\t\t\t\t\t\t\t\t\t\t<span class=\"e-n-menu-title-text\">\n\t\t\t\t\t\t\tItem #2\t\t\t\t\t\t<\/span>\n\t\t\t\t\t<\/div>\t\t\t\t\t\t\t\t\t<\/div>\n\t\t\t\t\t\t\t<\/li>\n\t\t\t\t\t<li class=\"e-n-menu-item\">\n\t\t\t\t<div id=\"e-n-menu-title-1383\" class=\"e-n-menu-title\">\n\t\t\t\t\t<div class=\"e-n-menu-title-container\">\t\t\t\t\t\t\t\t\t\t\t\t<span class=\"e-n-menu-title-text\">\n\t\t\t\t\t\t\tItem #3\t\t\t\t\t\t<\/span>\n\t\t\t\t\t<\/div>\t\t\t\t\t\t\t\t\t<\/div>\n\t\t\t\t\t\t\t<\/li>\n\t\t\t\t\t\t<\/ul>\n\t\t\t<\/div>\n\t\t<\/nav>\n\t\t\t\t\t\t<\/div>\n\t\t\t\t<\/div>\n\t\t\t\t\t<\/div>\n\t\t\t\t<\/div>\n\t\t\t\t<\/header>\n\t\t\t\t<\/div>\n\t\t\t\t\t\t<\/div>\n\t\t\t\t<\/div>\n\t\t\t\t\t<\/div>\n\t\t\t\t<\/div>\n\t\t<div class=\"elementor-element elementor-element-5e1fa69 e-con-full e-flex elementor-invisible e-con e-parent\" data-id=\"5e1fa69\" data-element_type=\"container\" data-settings=\"{&quot;animation&quot;:&quot;bounceInDown&quot;}\">\n\t\t\t\t<div class=\"elementor-element elementor-element-6a4273e elementor-widget elementor-widget-heading\" data-id=\"6a4273e\" data-element_type=\"widget\" data-widget_type=\"heading.default\">\n\t\t\t\t\t<h2 class=\"elementor-heading-title elementor-size-default\">Nuestra Identidad<\/h2>\t\t\t\t<\/div>\n\t\t\t\t<\/div>\n\t\t<div class=\"elementor-element elementor-element-ea4ff21 e-flex e-con-boxed elementor-invisible e-con e-parent\" data-id=\"ea4ff21\" data-element_type=\"container\" data-settings=\"{&quot;animation&quot;:&quot;bounceInLeft&quot;}\">\n\t\t\t\t\t<div class=\"e-con-inner\">\n\t\t\t\t<div class=\"elementor-element elementor-element-89ca33b elementor-widget elementor-widget-text-editor\" data-id=\"89ca33b\" data-element_type=\"widget\" data-widget_type=\"text-editor.default\">\n\t\t\t\t\t\t\t\t\t<div style=\"text-align: justify; font-family: Arial, sans-serif; font-size: 15px; line-height: 1.7; color: #333;\"><strong>JESUCRISTO REDENTOR<\/strong><br \/><em>Modelo de Persona Libre (Lc. 4, 16-19)<\/em><br \/><br \/><p>En \u00c9l nos encontramos liberados. As\u00ed, convierte al educando en sujeto de su propio desarrollo y le permite ser consecuente con su compromiso bautismal.<br \/><br \/><\/p><p>Hace presente el Reino.<br \/>Con personalidad, seguro de s\u00ed mismo.<br \/>Valiente, no busca su propia conveniencia.<br \/>Habla con libertad.<br \/>Es el camino, la verdad y la vida.<br \/>Rompe estructuras injustas.<br \/>Clara opci\u00f3n por la defensa de la vida.<br \/>Opci\u00f3n preferencial por el pobre.<br \/><br \/><\/p><p><strong>MAR\u00cdA DE LA MERCED<\/strong><br \/><em>(Fiesta: 24 de setiembre)<\/em><br \/><br \/><\/p><p>Nuestra Madre<br \/>Mujer libre y creyente.<br \/>Es primera disc\u00edpula de Jes\u00fas.<br \/>Escucha la palabra de Dios por los pobres y oprimidos de la historia.<br \/>Canta y proclama el Magnificat \u2013 Proyecto liberador de Dios.<br \/>Como Madre de Jes\u00fas y Madre nuestra, es clave para la unidad de la familia mercedaria.<br \/><br \/><\/p><p><strong>LUTGARDA MAS I MATEU<\/strong><br \/><em>(Fiesta: 09 de agosto)<\/em><br \/><br \/><\/p><p>Mujer carism\u00e1tica que comprende y sabe penetrar en el misterio de la cautividad de los j\u00f3venes de Barcelona. Acoge la inspiraci\u00f3n de Mar\u00eda de la Merced (1856).<br \/><br \/><\/p><p>El 21 de noviembre de 1860, en Barcelona (Espa\u00f1a), con la ardua colaboraci\u00f3n de Fray Pedro Nolasco Tenas y Casanovas se hace realidad la fundaci\u00f3n del Instituto de Religiosas Mercedarias Misioneras.<br \/><br \/><\/p><p>La primera comunidad estuvo conformada por:<br \/>Mercedes Bartra y Demestre<br \/>Rita Parellada i Casals<br \/>Mariana Trilla i Anguera<br \/>Rosa V\u00e9laz Larrea<br \/>Francisco Ferrer i Jacas<br \/><br \/><\/p><p>Lutgarda reci\u00e9n pudo ingresar a la naciente congregaci\u00f3n a la muerte de su madre; su permanencia fue breve, por su delicado estado de salud (22 de abril de 1862).<br \/><br \/><\/p><p>La expresi\u00f3n que heredamos de Lutgarda es: \u201cDios y Nuestra Madre proveer\u00e1n\u201d; manifiesta su total confianza en la providencia de Dios.<br \/><br \/><\/p><p>De profunda fe, amante de la Virgen Mar\u00eda.<br \/><br \/><\/p><p>A mediados del siglo XIX, la instrucci\u00f3n depend\u00eda de la iniciativa privada, al alcance \u00fanicamente de las clases m\u00e1s pudientes, bajo la tutela social de la Iglesia. El analfabetismo del pueblo se ve\u00eda \u201cnormal\u201d, no se priorizaba la necesidad de leer y escribir. Lutgarda se comprometi\u00f3 con la liberaci\u00f3n de la esclavitud de la ignorancia de las ni\u00f1as y j\u00f3venes, que en ese tiempo no pod\u00edan acceder a ning\u00fan tipo de educaci\u00f3n. Ella supo ir a la ra\u00edz de las desigualdades para abolir la cautividad que la produce: la ignorancia. Asume la educaci\u00f3n como uno de los medios m\u00e1s eficaces de liberaci\u00f3n.<br \/><br \/><\/p><p><strong>SAN PEDRO NOLASCO<\/strong><br \/><em>(Fiesta: 06 de mayo)<\/em><br \/><br \/><\/p><p>Mar\u00eda inspira a Nolasco la fundaci\u00f3n de una familia religiosa y se presenta bajo la advocaci\u00f3n de \u201cLa Merced\u201d: Misericordia, dar la vida por el otro, es un don.<br \/><br \/><\/p><p>Fund\u00f3 la Orden de Santa Mar\u00eda de la Merced en el siglo XIII (10 de agosto de 1218), en Barcelona (Espa\u00f1a).<br \/>Asumi\u00f3 el compromiso de luchar por la liberaci\u00f3n y redenci\u00f3n de los hombres y mujeres que sufr\u00edan opresi\u00f3n.<br \/><br \/><\/p><p>\u201cEstar dispuestos a entregarlo todo y hasta la propia vida por la libertad de sus hermanos cautivos\u2026\u201d es el esp\u00edritu, la identidad carism\u00e1tica de los liberadores mercedarios.<br \/><br \/><\/p><p><strong>SANTA MAR\u00cdA DE CERVELL\u00d3<\/strong><br \/><em>(Fiesta: 19 de setiembre)<\/em><br \/><br \/><\/p><p>Primera religiosa Mercedaria (1260), participa con Pedro Nolasco en el restablecimiento f\u00edsico y espiritual de las personas redimidas antes de retornar a sus hogares.<br \/><br \/><\/p><p>Santa Mar\u00eda de Cervell\u00f3, primera Religiosa Mercedaria.<br \/><br \/><\/p><p>Simboliza y representa a la figura femenina de la Merced en el siglo XIII. Ella respondi\u00f3 y se comprometi\u00f3 con la redenci\u00f3n de los hombres y mujeres cautivos. Con su ejemplo, ense\u00f1\u00f3 a comprometerse con ternura y misericordia en la obra redentora.<br \/><br \/><\/p><p>Actualmente contin\u00faa siendo inspiraci\u00f3n y gu\u00eda en el caminar de la historia para toda mujer mercedaria.<\/p><\/div>\t\t\t\t\t\t\t\t<\/div>\n\t\t\t\t\t<\/div>\n\t\t\t\t<\/div>\n\t\t\t\t<\/div>\n\t\t","protected":false},"excerpt":{"rendered":"<p>Nuestra Identidad JESUCRISTO REDENTORModelo de Persona Libre (Lc. 4, 16-19) En \u00c9l nos encontramos liberados. As\u00ed, convierte al educando en sujeto de su propio desarrollo y le permite ser consecuente con su compromiso bautismal. Hace presente el Reino.Con personalidad, seguro de s\u00ed mismo.Valiente, no busca su propia conveniencia.Habla con libertad.Es el camino, la verdad y [&hellip;]<\/p>\n","protected":false},"author":1,"featured_media":0,"parent":0,"menu_order":0,"comment_status":"closed","ping_status":"closed","template":"","meta":{"footnotes":""},"class_list":["post-1231","page","type-page","status-publish","hentry"],"blocksy_meta":[],"_links":{"self":[{"href":"https:\/\/iepcervello.edu.pe\/portal\/wp-json\/wp\/v2\/pages\/1231","targetHints":{"allow":["GET"]}}],"collection":[{"href":"https:\/\/iepcervello.edu.pe\/portal\/wp-json\/wp\/v2\/pages"}],"about":[{"href":"https:\/\/iepcervello.edu.pe\/portal\/wp-json\/wp\/v2\/types\/page"}],"author":[{"embeddable":true,"href":"https:\/\/iepcervello.edu.pe\/portal\/wp-json\/wp\/v2\/users\/1"}],"replies":[{"embeddable":true,"href":"https:\/\/iepcervello.edu.pe\/portal\/wp-json\/wp\/v2\/comments?post=1231"}],"version-history":[{"count":20,"href":"https:\/\/iepcervello.edu.pe\/portal\/wp-json\/wp\/v2\/pages\/1231\/revisions"}],"predecessor-version":[{"id":1351,"href":"https:\/\/iepcervello.edu.pe\/portal\/wp-json\/wp\/v2\/pages\/1231\/revisions\/1351"}],"wp:attachment":[{"href":"https:\/\/iepcervello.edu.pe\/portal\/wp-json\/wp\/v2\/media?parent=1231"}],"curies":[{"name":"wp","href":"https:\/\/api.w.org\/{rel}","templated":true}]}}