{"id":1219,"date":"2025-10-07T12:54:49","date_gmt":"2025-10-07T17:54:49","guid":{"rendered":"https:\/\/iepcervello.edu.pe\/portal\/?page_id=1219"},"modified":"2025-10-07T13:00:28","modified_gmt":"2025-10-07T18:00:28","slug":"historia_iep","status":"publish","type":"page","link":"https:\/\/iepcervello.edu.pe\/portal\/historia_iep\/","title":{"rendered":"historia_iep"},"content":{"rendered":"\t\t<div data-elementor-type=\"wp-page\" data-elementor-id=\"1219\" class=\"elementor elementor-1219\" data-elementor-post-type=\"page\">\n\t\t\t\t<div class=\"elementor-element elementor-element-58ce872 e-con-full e-flex elementor-invisible e-con e-parent\" data-id=\"58ce872\" data-element_type=\"container\" data-settings=\"{&quot;animation&quot;:&quot;bounceInDown&quot;}\">\n\t\t\t\t<div class=\"elementor-element elementor-element-796fbf5 elementor-widget elementor-widget-heading\" data-id=\"796fbf5\" data-element_type=\"widget\" data-widget_type=\"heading.default\">\n\t\t\t\t\t<h2 class=\"elementor-heading-title elementor-size-default\">Historia<\/h2>\t\t\t\t<\/div>\n\t\t\t\t<\/div>\n\t\t<div class=\"elementor-element elementor-element-f6bd480 e-flex e-con-boxed e-con e-parent\" data-id=\"f6bd480\" data-element_type=\"container\">\n\t\t\t\t\t<div class=\"e-con-inner\">\n\t\t\t\t<div class=\"elementor-element elementor-element-bb44ade elementor-invisible elementor-widget elementor-widget-text-editor\" data-id=\"bb44ade\" data-element_type=\"widget\" data-settings=\"{&quot;_animation&quot;:&quot;bounceInLeft&quot;}\" data-widget_type=\"text-editor.default\">\n\t\t\t\t\t\t\t\t\t<div style=\"text-align: justify; font-family: Arial, sans-serif; font-size: 15px; line-height: 1.7; color: #333;\">La Instituci\u00f3n Educativa Privada \u201cSanta Mar\u00eda de Cervell\u00f3\u201d inici\u00f3 su funcionamiento en 1952, atendiendo los niveles de Educaci\u00f3n Primaria y Secundaria de mujeres, bajo la direcci\u00f3n de la R.M. Jes\u00fas Mar\u00eda Jim\u00e9nez Lape\u00f1a. El primer local que ocup\u00f3 estuvo situado en lo que hoy es el Centro Pastoral Pablo VI; luego se pas\u00f3 al Malec\u00f3n Grau y de all\u00ed se traslad\u00f3 a la Urb. Buenos Aires. A ra\u00edz del terremoto de 1970 nos vimos en la necesidad de aperturar el local escolar en la Urb. Los Pinos.<br \/><p>Desde 1972, se volvi\u00f3 a la propiedad del cono sur. Esta infraestructura ha sido modernizada y actualmente cuenta con dos pisos, aulas ventiladas, patios amplios, numerosas \u00e1reas verdes, laboratorios de Ciencia y Tecnolog\u00eda, Idiomas e Inform\u00e1tica, servicio de Internet, biblioteca, auditorio, pista atl\u00e9tica, canchas de b\u00e1squetbol, v\u00f3leibol y fulbito. Todas las instalaciones est\u00e1n en permanente mantenimiento y conservaci\u00f3n; adem\u00e1s, cuenta con los recursos tecnol\u00f3gicos que el Marco Curricular recomienda.<\/p><p>Desde 1978, nuestra instituci\u00f3n atiende el nivel de Educaci\u00f3n Inicial.<\/p><p>Cabe destacar que en los a\u00f1os de vida institucional, se ha venido obteniendo reconocimientos y distinciones por la excelente participaci\u00f3n de nuestros estudiantes y exalumnos en diversos eventos a nivel local, regional, nacional e internacional.<br \/>Un especial agradecimiento a todas las hermanas Religiosas Mercedarias Misioneras que han dirigido el colegio, por su entrega y dedicaci\u00f3n; y a toda la comunidad educativa por promover una educaci\u00f3n integral y liberadora, en bien de los ni\u00f1os y adolescentes que se educan en nuestro centro educativo.<\/p><\/div>\t\t\t\t\t\t\t\t<\/div>\n\t\t\t\t\t<\/div>\n\t\t\t\t<\/div>\n\t\t\t\t<\/div>\n\t\t","protected":false},"excerpt":{"rendered":"<p>Historia La Instituci\u00f3n Educativa Privada \u201cSanta Mar\u00eda de Cervell\u00f3\u201d inici\u00f3 su funcionamiento en 1952, atendiendo los niveles de Educaci\u00f3n Primaria y Secundaria de mujeres, bajo la direcci\u00f3n de la R.M. Jes\u00fas Mar\u00eda Jim\u00e9nez Lape\u00f1a. El primer local que ocup\u00f3 estuvo situado en lo que hoy es el Centro Pastoral Pablo VI; luego se pas\u00f3 al [&hellip;]<\/p>\n","protected":false},"author":1,"featured_media":0,"parent":0,"menu_order":0,"comment_status":"closed","ping_status":"closed","template":"","meta":{"footnotes":""},"class_list":["post-1219","page","type-page","status-publish","hentry"],"blocksy_meta":[],"_links":{"self":[{"href":"https:\/\/iepcervello.edu.pe\/portal\/wp-json\/wp\/v2\/pages\/1219","targetHints":{"allow":["GET"]}}],"collection":[{"href":"https:\/\/iepcervello.edu.pe\/portal\/wp-json\/wp\/v2\/pages"}],"about":[{"href":"https:\/\/iepcervello.edu.pe\/portal\/wp-json\/wp\/v2\/types\/page"}],"author":[{"embeddable":true,"href":"https:\/\/iepcervello.edu.pe\/portal\/wp-json\/wp\/v2\/users\/1"}],"replies":[{"embeddable":true,"href":"https:\/\/iepcervello.edu.pe\/portal\/wp-json\/wp\/v2\/comments?post=1219"}],"version-history":[{"count":10,"href":"https:\/\/iepcervello.edu.pe\/portal\/wp-json\/wp\/v2\/pages\/1219\/revisions"}],"predecessor-version":[{"id":1230,"href":"https:\/\/iepcervello.edu.pe\/portal\/wp-json\/wp\/v2\/pages\/1219\/revisions\/1230"}],"wp:attachment":[{"href":"https:\/\/iepcervello.edu.pe\/portal\/wp-json\/wp\/v2\/media?parent=1219"}],"curies":[{"name":"wp","href":"https:\/\/api.w.org\/{rel}","templated":true}]}}