{"id":1159,"date":"2025-10-07T12:18:07","date_gmt":"2025-10-07T17:18:07","guid":{"rendered":"https:\/\/iepcervello.edu.pe\/portal\/?page_id=1159"},"modified":"2025-10-07T12:52:59","modified_gmt":"2025-10-07T17:52:59","slug":"politicas-de-privacidad","status":"publish","type":"page","link":"https:\/\/iepcervello.edu.pe\/portal\/politicas-de-privacidad\/","title":{"rendered":"POL\u00cdTICAS DE PRIVACIDAD"},"content":{"rendered":"\t\t<div data-elementor-type=\"wp-page\" data-elementor-id=\"1159\" class=\"elementor elementor-1159\" data-elementor-post-type=\"page\">\n\t\t\t\t<div class=\"elementor-element elementor-element-41715cc e-flex e-con-boxed elementor-invisible e-con e-parent\" data-id=\"41715cc\" data-element_type=\"container\" data-settings=\"{&quot;animation&quot;:&quot;bounceIn&quot;}\">\n\t\t\t\t\t<div class=\"e-con-inner\">\n\t\t\t\t<div class=\"elementor-element elementor-element-7c09e43 animated-fast elementor-widget elementor-widget-heading\" data-id=\"7c09e43\" data-element_type=\"widget\" data-settings=\"{&quot;_animation&quot;:&quot;none&quot;}\" data-widget_type=\"heading.default\">\n\t\t\t\t\t<h2 class=\"elementor-heading-title elementor-size-default\">POL\u00cdTICAS DE PRIVACIDAD<\/h2>\t\t\t\t<\/div>\n\t\t\t\t\t<\/div>\n\t\t\t\t<\/div>\n\t\t<div class=\"elementor-element elementor-element-13d2c0a e-flex e-con-boxed e-con e-parent\" data-id=\"13d2c0a\" data-element_type=\"container\">\n\t\t\t\t\t<div class=\"e-con-inner\">\n\t\t\t\t<div class=\"elementor-element elementor-element-d28626d animated-slow elementor-invisible elementor-widget elementor-widget-text-editor\" data-id=\"d28626d\" data-element_type=\"widget\" data-settings=\"{&quot;_animation&quot;:&quot;bounceInDown&quot;}\" data-widget_type=\"text-editor.default\">\n\t\t\t\t\t\t\t\t\t<div style=\"text-align: justify; font-family: Arial, sans-serif; font-size: 14px; line-height: 1.6; color: #333;\"><p><span style=\"color: #000000;\">Agradecemos tu inter\u00e9s en esta plataforma web. Tu privacidad es muy importante para nosotros y, a trav\u00e9s de este documento deseamos que conozcas para qu\u00e9 utilizamos la informaci\u00f3n de nuestros visitantes, por lo que te pedimos que lo leas con mucha atenci\u00f3n:<\/span><\/p><p><span style=\"color: #000000;\">La Instituci\u00f3n Educativa Privada \u201cSanta Mar\u00eda de Cervell\u00f3\u201d est\u00e1 comprometida con el respeto a tu privacidad y cumple las disposiciones establecidas en la Ley Peruana de Protecci\u00f3n de Datos Personales de acuerdo a la Ley 29733. En aplicaci\u00f3n de la Regulaci\u00f3n de Datos Personales, consideramos que los usuarios y\/o clientes de la plataforma web www.iepcervello.edu.pe han brindado adecuadamente su consentimiento para el tratamiento de sus datos cuando de manera positiva decidan \u201chacer clic\u201d, \u201cdoble clic\u201d, \u201cdar un toque\u201d u otros similares.<\/span><br \/><span style=\"color: #000000;\">Toda informaci\u00f3n que nos brindes ser\u00e1 objeto de tratamiento automatizado e incorporada en una o m\u00e1s bases de datos en el Per\u00fa y el exterior de las que la Instituci\u00f3n Educativa Privada \u201cSanta Mar\u00eda de Cervell\u00f3\u201d ser\u00e1 titular y responsable, conforme a los t\u00e9rminos previstos por la Ley. La instituci\u00f3n educativa se encuentra domiciliada en Av. Pac\u00edfico 556 Buenos Aires, Nuevo Chimbote \u2013 Ancash.<\/span><\/p><p><span style=\"color: #000000;\">La Instituci\u00f3n Educativa Privada recolecta los datos personales que los usuarios o visitantes de la plataforma web proporcionan a trav\u00e9s de los formularios electr\u00f3nicos con la finalidad de atender sus consultas y\/o reclamos vinculados con la prestaci\u00f3n y\/o potencial prestaci\u00f3n del servicio educativo. La informaci\u00f3n recogida se grabar\u00e1 en la base de datos de la instituci\u00f3n contando para ello con medidas t\u00e9cnicas y niveles de seguridad de protecci\u00f3n de los datos para que la informaci\u00f3n no sea utilizada por terceros no autorizados.<\/span><\/p><p><span style=\"color: #000000;\">Solo el personal autorizado de la Instituci\u00f3n Educativa Privada \u201cSanta Mar\u00eda de Cervell\u00f3\u201d podr\u00e1 acceder a los datos personales proporcionados. En todo caso, se garantiza el mantenimiento de la confidencialidad y el tratamiento seguro de la informaci\u00f3n. No obstante, la informaci\u00f3n del formulario \u201cContacto web\u201d ser\u00e1 transferida al correo institucional cervello@iepcervello.edu.pe y el contenido de la plataforma web se encuentra alojado en la empresa TUWEBPE COMPANY S.A.C, que nos brinda los servicios de administraci\u00f3n de la plataforma, cuyo servidor se encuentra en Canada.<\/span><br \/><span style=\"color: #000000;\">La pol\u00edtica de privacidad de la Instituci\u00f3n Educativa Privada \u201cSanta Mar\u00eda de Cervell\u00f3\u201d le asegura al usuario en cualquier momento ejercer los derechos previstos en la regulaci\u00f3n de datos personales de acceso, rectificaci\u00f3n (actualizaci\u00f3n e inclusi\u00f3n), cancelaci\u00f3n (supresi\u00f3n) y oposici\u00f3n del consentimiento en los t\u00e9rminos establecidos en la Ley.<\/span><\/p><p><span style=\"color: #000000;\">Para estos fines, bastar\u00e1 que remitan una carta simple a la direcci\u00f3n de la Instituci\u00f3n Educativa Privada \u201cSanta Mar\u00eda de Cervell\u00f3\u201d indicada en la parte introductoria de esta Pol\u00edtica de Privacidad con atenci\u00f3n a la Mg. Mariela de La Cruz Hoyos, con la referencia \u201cMis Datos Personales\u201d. Alternativamente, podr\u00e1n enviar una comunicaci\u00f3n electr\u00f3nica a cervello@iepcervello.edu.pe o podr\u00e1n emplear cualquiera de los formularios para el ejercicio de los derechos ARCO que encontrar\u00e1n a su disposici\u00f3n en las puertas de ingreso a nuestro establecimiento.<\/span><\/p><p><span style=\"color: #000000;\">Los usuarios o visitantes menores de edad deben contar con la autorizaci\u00f3n de sus padres o tutores para el uso de la plataforma web. En caso proporcionen sus datos personales, deber\u00e1n indicar adem\u00e1s los datos de contacto de sus padres o tutores con la finalidad que la Instituci\u00f3n Educativa Privada \u201cSanta Mar\u00eda de Cervell\u00f3\u201d verifique su consentimiento.<\/span><\/p><p><span style=\"color: #000000;\">La Instituci\u00f3n Educativa Privada \u201cSanta Mar\u00eda de Cervell\u00f3\u201d podr\u00e1 modificar la presentaci\u00f3n o estructura de la plataforma web, as\u00ed como los t\u00e9rminos y condiciones de la presente Pol\u00edtica de Privacidad. Es por ello que sugerimos a los usuarios o visitantes que lean atentamente los t\u00e9rminos y condiciones cada vez que accedan a la plataforma web para consultar los cambios que puedan haber existido, por lo cual se le solicitar\u00e1 nuevamente su consentimiento.<\/span><br \/><span style=\"color: #000000;\">Al confirmar su consentimiento, el usuario o visitante otorga autorizaci\u00f3n libre, expresa e inequ\u00edvoca a la Instituci\u00f3n Educativa Privada \u201cSanta Mar\u00eda de Cervell\u00f3\u201d para conservar los datos personales, realizar tratamiento y hacer uso de la informaci\u00f3n personal que \u00e9ste proporcione cuando haga una consulta, reclamo, comunique incidencias en l\u00ednea, y en general cualquier interacci\u00f3n web durante el tiempo que sea necesario.<\/span><\/p><\/div>\t\t\t\t\t\t\t\t<\/div>\n\t\t\t\t\t<\/div>\n\t\t\t\t<\/div>\n\t\t<div class=\"elementor-element elementor-element-16ea93e e-con-full e-flex e-con e-parent\" data-id=\"16ea93e\" data-element_type=\"container\">\n\t\t\t\t<div class=\"elementor-element elementor-element-97f3144 elementor-widget__width-inherit elementor-widget elementor-widget-template\" data-id=\"97f3144\" data-element_type=\"widget\" data-widget_type=\"template.default\">\n\t\t\t\t<div class=\"elementor-widget-container\">\n\t\t\t\t\t\t\t<div class=\"elementor-template\">\n\t\t\t\t\t<footer data-elementor-type=\"footer\" data-elementor-id=\"849\" class=\"elementor elementor-849\" data-elementor-post-type=\"elementor_library\">\n\t\t\t<div class=\"elementor-element elementor-element-42c084a e-con-full e-flex e-con e-parent\" data-id=\"42c084a\" data-element_type=\"container\" data-settings=\"{&quot;background_background&quot;:&quot;gradient&quot;}\">\n\t\t<div class=\"elementor-element elementor-element-8eb7758 e-con-full e-flex e-con e-child\" data-id=\"8eb7758\" data-element_type=\"container\">\n\t\t\t\t<div class=\"elementor-element elementor-element-c99da93 elementor-widget elementor-widget-heading\" data-id=\"c99da93\" data-element_type=\"widget\" data-widget_type=\"heading.default\">\n\t\t\t\t\t<h5 class=\"elementor-heading-title elementor-size-default\">Cont\u00e1ctanos<\/h5>\t\t\t\t<\/div>\n\t\t\t\t<div class=\"elementor-element elementor-element-d874ea7 elementor-icon-list--layout-traditional elementor-list-item-link-full_width elementor-widget elementor-widget-icon-list\" data-id=\"d874ea7\" data-element_type=\"widget\" data-widget_type=\"icon-list.default\">\n\t\t\t\t\t\t\t<ul class=\"elementor-icon-list-items\">\n\t\t\t\t\t\t\t<li class=\"elementor-icon-list-item\">\n\t\t\t\t\t\t\t\t\t\t\t<span class=\"elementor-icon-list-icon\">\n\t\t\t\t\t\t\t<svg aria-hidden=\"true\" class=\"e-font-icon-svg e-fas-phone-alt\" viewBox=\"0 0 512 512\" xmlns=\"http:\/\/www.w3.org\/2000\/svg\"><path d=\"M497.39 361.8l-112-48a24 24 0 0 0-28 6.9l-49.6 60.6A370.66 370.66 0 0 1 130.6 204.11l60.6-49.6a23.94 23.94 0 0 0 6.9-28l-48-112A24.16 24.16 0 0 0 122.6.61l-104 24A24 24 0 0 0 0 48c0 256.5 207.9 464 464 464a24 24 0 0 0 23.4-18.6l24-104a24.29 24.29 0 0 0-14.01-27.6z\"><\/path><\/svg>\t\t\t\t\t\t<\/span>\n\t\t\t\t\t\t\t\t\t\t<span class=\"elementor-icon-list-text\">Telf. Secretar\u00eda: 987683982<\/span>\n\t\t\t\t\t\t\t\t\t<\/li>\n\t\t\t\t\t\t\t\t<li class=\"elementor-icon-list-item\">\n\t\t\t\t\t\t\t\t\t\t\t<span class=\"elementor-icon-list-icon\">\n\t\t\t\t\t\t\t<svg aria-hidden=\"true\" class=\"e-font-icon-svg e-fas-phone-alt\" viewBox=\"0 0 512 512\" xmlns=\"http:\/\/www.w3.org\/2000\/svg\"><path d=\"M497.39 361.8l-112-48a24 24 0 0 0-28 6.9l-49.6 60.6A370.66 370.66 0 0 1 130.6 204.11l60.6-49.6a23.94 23.94 0 0 0 6.9-28l-48-112A24.16 24.16 0 0 0 122.6.61l-104 24A24 24 0 0 0 0 48c0 256.5 207.9 464 464 464a24 24 0 0 0 23.4-18.6l24-104a24.29 24.29 0 0 0-14.01-27.6z\"><\/path><\/svg>\t\t\t\t\t\t<\/span>\n\t\t\t\t\t\t\t\t\t\t<span class=\"elementor-icon-list-text\">Telf. Tesorer\u00eda: 987477491<\/span>\n\t\t\t\t\t\t\t\t\t<\/li>\n\t\t\t\t\t\t\t\t<li class=\"elementor-icon-list-item\">\n\t\t\t\t\t\t\t\t\t\t\t<span class=\"elementor-icon-list-icon\">\n\t\t\t\t\t\t\t<svg aria-hidden=\"true\" class=\"e-font-icon-svg e-fas-map-marker-alt\" viewBox=\"0 0 384 512\" xmlns=\"http:\/\/www.w3.org\/2000\/svg\"><path d=\"M172.268 501.67C26.97 291.031 0 269.413 0 192 0 85.961 85.961 0 192 0s192 85.961 192 192c0 77.413-26.97 99.031-172.268 309.67-9.535 13.774-29.93 13.773-39.464 0zM192 272c44.183 0 80-35.817 80-80s-35.817-80-80-80-80 35.817-80 80 35.817 80 80 80z\"><\/path><\/svg>\t\t\t\t\t\t<\/span>\n\t\t\t\t\t\t\t\t\t\t<span class=\"elementor-icon-list-text\">Av. Pac\u00edfico N\u00b0 556 \u2013 Nuevo Chimbote<\/span>\n\t\t\t\t\t\t\t\t\t<\/li>\n\t\t\t\t\t\t\t\t<li class=\"elementor-icon-list-item\">\n\t\t\t\t\t\t\t\t\t\t\t<span class=\"elementor-icon-list-icon\">\n\t\t\t\t\t\t\t<svg aria-hidden=\"true\" class=\"e-font-icon-svg e-far-envelope\" viewBox=\"0 0 512 512\" xmlns=\"http:\/\/www.w3.org\/2000\/svg\"><path d=\"M464 64H48C21.49 64 0 85.49 0 112v288c0 26.51 21.49 48 48 48h416c26.51 0 48-21.49 48-48V112c0-26.51-21.49-48-48-48zm0 48v40.805c-22.422 18.259-58.168 46.651-134.587 106.49-16.841 13.247-50.201 45.072-73.413 44.701-23.208.375-56.579-31.459-73.413-44.701C106.18 199.465 70.425 171.067 48 152.805V112h416zM48 400V214.398c22.914 18.251 55.409 43.862 104.938 82.646 21.857 17.205 60.134 55.186 103.062 54.955 42.717.231 80.509-37.199 103.053-54.947 49.528-38.783 82.032-64.401 104.947-82.653V400H48z\"><\/path><\/svg>\t\t\t\t\t\t<\/span>\n\t\t\t\t\t\t\t\t\t\t<span class=\"elementor-icon-list-text\">cervello@iepcervello.edu.pe<\/span>\n\t\t\t\t\t\t\t\t\t<\/li>\n\t\t\t\t\t\t<\/ul>\n\t\t\t\t\t\t<\/div>\n\t\t\t\t<\/div>\n\t\t<div class=\"elementor-element elementor-element-5c7683e e-con-full e-flex e-con e-child\" data-id=\"5c7683e\" data-element_type=\"container\">\n\t\t\t\t<div class=\"elementor-element elementor-element-50f5f31 elementor-widget elementor-widget-heading\" data-id=\"50f5f31\" data-element_type=\"widget\" data-widget_type=\"heading.default\">\n\t\t\t\t\t<h5 class=\"elementor-heading-title elementor-size-default\">S\u00edguenos en:<\/h5>\t\t\t\t<\/div>\n\t\t\t\t<div class=\"elementor-element elementor-element-f24c5cc e-grid-align-left elementor-shape-rounded elementor-grid-0 elementor-widget elementor-widget-social-icons\" data-id=\"f24c5cc\" data-element_type=\"widget\" data-widget_type=\"social-icons.default\">\n\t\t\t\t\t\t\t<div class=\"elementor-social-icons-wrapper elementor-grid\" role=\"list\">\n\t\t\t\t\t\t\t<span class=\"elementor-grid-item\" role=\"listitem\">\n\t\t\t\t\t<a class=\"elementor-icon elementor-social-icon elementor-social-icon-facebook elementor-repeater-item-17dfa2d\" href=\"https:\/\/www.facebook.com\/IEPCERVELLO\" target=\"_blank\">\n\t\t\t\t\t\t<span class=\"elementor-screen-only\">Facebook<\/span>\n\t\t\t\t\t\t<svg aria-hidden=\"true\" class=\"e-font-icon-svg e-fab-facebook\" viewBox=\"0 0 512 512\" xmlns=\"http:\/\/www.w3.org\/2000\/svg\"><path d=\"M504 256C504 119 393 8 256 8S8 119 8 256c0 123.78 90.69 226.38 209.25 245V327.69h-63V256h63v-54.64c0-62.15 37-96.48 93.67-96.48 27.14 0 55.52 4.84 55.52 4.84v61h-31.28c-30.8 0-40.41 19.12-40.41 38.73V256h68.78l-11 71.69h-57.78V501C413.31 482.38 504 379.78 504 256z\"><\/path><\/svg>\t\t\t\t\t<\/a>\n\t\t\t\t<\/span>\n\t\t\t\t\t\t\t<span class=\"elementor-grid-item\" role=\"listitem\">\n\t\t\t\t\t<a class=\"elementor-icon elementor-social-icon elementor-social-icon-youtube elementor-repeater-item-66be788\" href=\"https:\/\/www.youtube.com\/@ceppsantamariadecervello9992\" target=\"_blank\">\n\t\t\t\t\t\t<span class=\"elementor-screen-only\">Youtube<\/span>\n\t\t\t\t\t\t<svg aria-hidden=\"true\" class=\"e-font-icon-svg e-fab-youtube\" viewBox=\"0 0 576 512\" xmlns=\"http:\/\/www.w3.org\/2000\/svg\"><path d=\"M549.655 124.083c-6.281-23.65-24.787-42.276-48.284-48.597C458.781 64 288 64 288 64S117.22 64 74.629 75.486c-23.497 6.322-42.003 24.947-48.284 48.597-11.412 42.867-11.412 132.305-11.412 132.305s0 89.438 11.412 132.305c6.281 23.65 24.787 41.5 48.284 47.821C117.22 448 288 448 288 448s170.78 0 213.371-11.486c23.497-6.321 42.003-24.171 48.284-47.821 11.412-42.867 11.412-132.305 11.412-132.305s0-89.438-11.412-132.305zm-317.51 213.508V175.185l142.739 81.205-142.739 81.201z\"><\/path><\/svg>\t\t\t\t\t<\/a>\n\t\t\t\t<\/span>\n\t\t\t\t\t<\/div>\n\t\t\t\t\t\t<\/div>\n\t\t\t\t<\/div>\n\t\t<div class=\"elementor-element elementor-element-0ee6ee5 e-con-full e-flex e-con e-child\" data-id=\"0ee6ee5\" data-element_type=\"container\">\n\t\t\t\t<div class=\"elementor-element elementor-element-54c9905 elementor-icon-list--layout-traditional elementor-list-item-link-full_width elementor-widget elementor-widget-icon-list\" data-id=\"54c9905\" data-element_type=\"widget\" data-widget_type=\"icon-list.default\">\n\t\t\t\t\t\t\t<ul class=\"elementor-icon-list-items\">\n\t\t\t\t\t\t\t<li class=\"elementor-icon-list-item\">\n\t\t\t\t\t\t\t\t\t\t\t<a href=\"https:\/\/mercedariasmisionerasperu.org\/\">\n\n\t\t\t\t\t\t\t\t\t\t\t\t<span class=\"elementor-icon-list-icon\">\n\t\t\t\t\t\t\t<svg aria-hidden=\"true\" class=\"e-font-icon-svg e-fas-chevron-right\" viewBox=\"0 0 320 512\" xmlns=\"http:\/\/www.w3.org\/2000\/svg\"><path d=\"M285.476 272.971L91.132 467.314c-9.373 9.373-24.569 9.373-33.941 0l-22.667-22.667c-9.357-9.357-9.375-24.522-.04-33.901L188.505 256 34.484 101.255c-9.335-9.379-9.317-24.544.04-33.901l22.667-22.667c9.373-9.373 24.569-9.373 33.941 0L285.475 239.03c9.373 9.372 9.373 24.568.001 33.941z\"><\/path><\/svg>\t\t\t\t\t\t<\/span>\n\t\t\t\t\t\t\t\t\t\t<span class=\"elementor-icon-list-text\">Pol\u00edticas de Privacidad<\/span>\n\t\t\t\t\t\t\t\t\t\t\t<\/a>\n\t\t\t\t\t\t\t\t\t<\/li>\n\t\t\t\t\t\t\t\t<li class=\"elementor-icon-list-item\">\n\t\t\t\t\t\t\t\t\t\t\t<a href=\"https:\/\/iepmercedarias.edu.pe\/\">\n\n\t\t\t\t\t\t\t\t\t\t\t\t<span class=\"elementor-icon-list-icon\">\n\t\t\t\t\t\t\t<svg aria-hidden=\"true\" class=\"e-font-icon-svg e-fas-chevron-right\" viewBox=\"0 0 320 512\" xmlns=\"http:\/\/www.w3.org\/2000\/svg\"><path d=\"M285.476 272.971L91.132 467.314c-9.373 9.373-24.569 9.373-33.941 0l-22.667-22.667c-9.357-9.357-9.375-24.522-.04-33.901L188.505 256 34.484 101.255c-9.335-9.379-9.317-24.544.04-33.901l22.667-22.667c9.373-9.373 24.569-9.373 33.941 0L285.475 239.03c9.373 9.372 9.373 24.568.001 33.941z\"><\/path><\/svg>\t\t\t\t\t\t<\/span>\n\t\t\t\t\t\t\t\t\t\t<span class=\"elementor-icon-list-text\">Libro de reclamaciones<\/span>\n\t\t\t\t\t\t\t\t\t\t\t<\/a>\n\t\t\t\t\t\t\t\t\t<\/li>\n\t\t\t\t\t\t\t\t<li class=\"elementor-icon-list-item\">\n\t\t\t\t\t\t\t\t\t\t\t<a href=\"https:\/\/www.google.com\/maps\/place\/9%C2%B007&#039;23.3%22S+78%C2%B031&#039;54.0%22W\/@-9.1227919,-78.5314891,3a,75y,217.72h,81.84t\/data=!3m7!1e1!3m5!1sR07nG2LSbwlEH1_1NFmhbg!2e0!6shttps:%2F%2Fstreetviewpixels-pa.googleapis.com%2Fv1%2Fthumbnail%3Fcb_client%3Dmaps_sv.tactile%26w%3D900%26h%3D600%26pitch%3D8.164351688512937%26panoid%3DR07nG2LSbwlEH1_1NFmhbg%26yaw%3D217.71965352894665!7i16384!8i8192!4m4!3m3!8m2!3d-9.12313!4d-78.53166?hl=es-US&#038;entry=ttu&#038;g_ep=EgoyMDI1MDkyNC4wIKXMDSoASAFQAw%3D%3D\">\n\n\t\t\t\t\t\t\t\t\t\t\t\t<span class=\"elementor-icon-list-icon\">\n\t\t\t\t\t\t\t<svg aria-hidden=\"true\" class=\"e-font-icon-svg e-fas-chevron-right\" viewBox=\"0 0 320 512\" xmlns=\"http:\/\/www.w3.org\/2000\/svg\"><path d=\"M285.476 272.971L91.132 467.314c-9.373 9.373-24.569 9.373-33.941 0l-22.667-22.667c-9.357-9.357-9.375-24.522-.04-33.901L188.505 256 34.484 101.255c-9.335-9.379-9.317-24.544.04-33.901l22.667-22.667c9.373-9.373 24.569-9.373 33.941 0L285.475 239.03c9.373 9.372 9.373 24.568.001 33.941z\"><\/path><\/svg>\t\t\t\t\t\t<\/span>\n\t\t\t\t\t\t\t\t\t\t<span class=\"elementor-icon-list-text\">Mapa<\/span>\n\t\t\t\t\t\t\t\t\t\t\t<\/a>\n\t\t\t\t\t\t\t\t\t<\/li>\n\t\t\t\t\t\t<\/ul>\n\t\t\t\t\t\t<\/div>\n\t\t\t\t<\/div>\n\t\t<div class=\"elementor-element elementor-element-1475568 e-con-full e-flex e-con e-child\" data-id=\"1475568\" data-element_type=\"container\">\n\t\t\t\t<div class=\"elementor-element elementor-element-e2c131a elementor-widget elementor-widget-heading\" data-id=\"e2c131a\" data-element_type=\"widget\" data-widget_type=\"heading.default\">\n\t\t\t\t\t<h5 class=\"elementor-heading-title elementor-size-default\">Red de Colegios Mercedarias\n<\/h5>\t\t\t\t<\/div>\n\t\t\t\t<div class=\"elementor-element elementor-element-5e20956 elementor-icon-list--layout-traditional elementor-list-item-link-full_width elementor-widget elementor-widget-icon-list\" data-id=\"5e20956\" data-element_type=\"widget\" data-widget_type=\"icon-list.default\">\n\t\t\t\t\t\t\t<ul class=\"elementor-icon-list-items\">\n\t\t\t\t\t\t\t<li class=\"elementor-icon-list-item\">\n\t\t\t\t\t\t\t\t\t\t\t<a href=\"https:\/\/mercedariasmisionerasperu.org\/\">\n\n\t\t\t\t\t\t\t\t\t\t\t\t<span class=\"elementor-icon-list-icon\">\n\t\t\t\t\t\t\t<svg aria-hidden=\"true\" class=\"e-font-icon-svg e-fas-chevron-circle-right\" viewBox=\"0 0 512 512\" xmlns=\"http:\/\/www.w3.org\/2000\/svg\"><path d=\"M256 8c137 0 248 111 248 248S393 504 256 504 8 393 8 256 119 8 256 8zm113.9 231L234.4 103.5c-9.4-9.4-24.6-9.4-33.9 0l-17 17c-9.4 9.4-9.4 24.6 0 33.9L285.1 256 183.5 357.6c-9.4 9.4-9.4 24.6 0 33.9l17 17c9.4 9.4 24.6 9.4 33.9 0L369.9 273c9.4-9.4 9.4-24.6 0-34z\"><\/path><\/svg>\t\t\t\t\t\t<\/span>\n\t\t\t\t\t\t\t\t\t\t<span class=\"elementor-icon-list-text\">Mercedarias Misioneras del Per\u00fa<\/span>\n\t\t\t\t\t\t\t\t\t\t\t<\/a>\n\t\t\t\t\t\t\t\t\t<\/li>\n\t\t\t\t\t\t\t\t<li class=\"elementor-icon-list-item\">\n\t\t\t\t\t\t\t\t\t\t\t<a href=\"https:\/\/iepmercedarias.edu.pe\/\">\n\n\t\t\t\t\t\t\t\t\t\t\t\t<span class=\"elementor-icon-list-icon\">\n\t\t\t\t\t\t\t<svg aria-hidden=\"true\" class=\"e-font-icon-svg e-fas-chevron-circle-right\" viewBox=\"0 0 512 512\" xmlns=\"http:\/\/www.w3.org\/2000\/svg\"><path d=\"M256 8c137 0 248 111 248 248S393 504 256 504 8 393 8 256 119 8 256 8zm113.9 231L234.4 103.5c-9.4-9.4-24.6-9.4-33.9 0l-17 17c-9.4 9.4-9.4 24.6 0 33.9L285.1 256 183.5 357.6c-9.4 9.4-9.4 24.6 0 33.9l17 17c9.4 9.4 24.6 9.4 33.9 0L369.9 273c9.4-9.4 9.4-24.6 0-34z\"><\/path><\/svg>\t\t\t\t\t\t<\/span>\n\t\t\t\t\t\t\t\t\t\t<span class=\"elementor-icon-list-text\">Colegio Mar\u00eda de las Mercedes - Miraflores<\/span>\n\t\t\t\t\t\t\t\t\t\t\t<\/a>\n\t\t\t\t\t\t\t\t\t<\/li>\n\t\t\t\t\t\t\t\t<li class=\"elementor-icon-list-item\">\n\t\t\t\t\t\t\t\t\t\t\t<a href=\"https:\/\/mercedariasbarriosaltos.edu.pe\/\">\n\n\t\t\t\t\t\t\t\t\t\t\t\t<span class=\"elementor-icon-list-icon\">\n\t\t\t\t\t\t\t<svg aria-hidden=\"true\" class=\"e-font-icon-svg e-fas-chevron-circle-right\" viewBox=\"0 0 512 512\" xmlns=\"http:\/\/www.w3.org\/2000\/svg\"><path d=\"M256 8c137 0 248 111 248 248S393 504 256 504 8 393 8 256 119 8 256 8zm113.9 231L234.4 103.5c-9.4-9.4-24.6-9.4-33.9 0l-17 17c-9.4 9.4-9.4 24.6 0 33.9L285.1 256 183.5 357.6c-9.4 9.4-9.4 24.6 0 33.9l17 17c9.4 9.4 24.6 9.4 33.9 0L369.9 273c9.4-9.4 9.4-24.6 0-34z\"><\/path><\/svg>\t\t\t\t\t\t<\/span>\n\t\t\t\t\t\t\t\t\t\t<span class=\"elementor-icon-list-text\">Colegio Nuestra Sra de las Mercedes<\/span>\n\t\t\t\t\t\t\t\t\t\t\t<\/a>\n\t\t\t\t\t\t\t\t\t<\/li>\n\t\t\t\t\t\t\t\t<li class=\"elementor-icon-list-item\">\n\t\t\t\t\t\t\t\t\t\t\t<a href=\"https:\/\/mercedariasaqp.edu.pe\/\">\n\n\t\t\t\t\t\t\t\t\t\t\t\t<span class=\"elementor-icon-list-icon\">\n\t\t\t\t\t\t\t<svg aria-hidden=\"true\" class=\"e-font-icon-svg e-fas-chevron-circle-right\" viewBox=\"0 0 512 512\" xmlns=\"http:\/\/www.w3.org\/2000\/svg\"><path d=\"M256 8c137 0 248 111 248 248S393 504 256 504 8 393 8 256 119 8 256 8zm113.9 231L234.4 103.5c-9.4-9.4-24.6-9.4-33.9 0l-17 17c-9.4 9.4-9.4 24.6 0 33.9L285.1 256 183.5 357.6c-9.4 9.4-9.4 24.6 0 33.9l17 17c9.4 9.4 24.6 9.4 33.9 0L369.9 273c9.4-9.4 9.4-24.6 0-34z\"><\/path><\/svg>\t\t\t\t\t\t<\/span>\n\t\t\t\t\t\t\t\t\t\t<span class=\"elementor-icon-list-text\">Colegio Nuestra Sra de las Merced - Arequipa<\/span>\n\t\t\t\t\t\t\t\t\t\t\t<\/a>\n\t\t\t\t\t\t\t\t\t<\/li>\n\t\t\t\t\t\t\t\t<li class=\"elementor-icon-list-item\">\n\t\t\t\t\t\t\t\t\t\t\t<a href=\"http:\/\/www.mercedariashunter.edu.pe\/\">\n\n\t\t\t\t\t\t\t\t\t\t\t\t<span class=\"elementor-icon-list-icon\">\n\t\t\t\t\t\t\t<svg aria-hidden=\"true\" class=\"e-font-icon-svg e-fas-chevron-circle-right\" viewBox=\"0 0 512 512\" xmlns=\"http:\/\/www.w3.org\/2000\/svg\"><path d=\"M256 8c137 0 248 111 248 248S393 504 256 504 8 393 8 256 119 8 256 8zm113.9 231L234.4 103.5c-9.4-9.4-24.6-9.4-33.9 0l-17 17c-9.4 9.4-9.4 24.6 0 33.9L285.1 256 183.5 357.6c-9.4 9.4-9.4 24.6 0 33.9l17 17c9.4 9.4 24.6 9.4 33.9 0L369.9 273c9.4-9.4 9.4-24.6 0-34z\"><\/path><\/svg>\t\t\t\t\t\t<\/span>\n\t\t\t\t\t\t\t\t\t\t<span class=\"elementor-icon-list-text\">Colegio Mar\u00eda de la Merced - Hunter<\/span>\n\t\t\t\t\t\t\t\t\t\t\t<\/a>\n\t\t\t\t\t\t\t\t\t<\/li>\n\t\t\t\t\t\t<\/ul>\n\t\t\t\t\t\t<\/div>\n\t\t\t\t<\/div>\n\t\t\t\t<\/div>\n\t\t\t\t<\/footer>\n\t\t\t\t<\/div>\n\t\t\t\t\t\t<\/div>\n\t\t\t\t<\/div>\n\t\t\t\t<\/div>\n\t\t\t\t<\/div>\n\t\t","protected":false},"excerpt":{"rendered":"<p>POL\u00cdTICAS DE PRIVACIDAD Agradecemos tu inter\u00e9s en esta plataforma web. Tu privacidad es muy importante para nosotros y, a trav\u00e9s de este documento deseamos que conozcas para qu\u00e9 utilizamos la informaci\u00f3n de nuestros visitantes, por lo que te pedimos que lo leas con mucha atenci\u00f3n: La Instituci\u00f3n Educativa Privada \u201cSanta Mar\u00eda de Cervell\u00f3\u201d est\u00e1 comprometida [&hellip;]<\/p>\n","protected":false},"author":1,"featured_media":0,"parent":0,"menu_order":0,"comment_status":"closed","ping_status":"closed","template":"","meta":{"footnotes":""},"class_list":["post-1159","page","type-page","status-publish","hentry"],"blocksy_meta":[],"_links":{"self":[{"href":"https:\/\/iepcervello.edu.pe\/portal\/wp-json\/wp\/v2\/pages\/1159","targetHints":{"allow":["GET"]}}],"collection":[{"href":"https:\/\/iepcervello.edu.pe\/portal\/wp-json\/wp\/v2\/pages"}],"about":[{"href":"https:\/\/iepcervello.edu.pe\/portal\/wp-json\/wp\/v2\/types\/page"}],"author":[{"embeddable":true,"href":"https:\/\/iepcervello.edu.pe\/portal\/wp-json\/wp\/v2\/users\/1"}],"replies":[{"embeddable":true,"href":"https:\/\/iepcervello.edu.pe\/portal\/wp-json\/wp\/v2\/comments?post=1159"}],"version-history":[{"count":40,"href":"https:\/\/iepcervello.edu.pe\/portal\/wp-json\/wp\/v2\/pages\/1159\/revisions"}],"predecessor-version":[{"id":1218,"href":"https:\/\/iepcervello.edu.pe\/portal\/wp-json\/wp\/v2\/pages\/1159\/revisions\/1218"}],"wp:attachment":[{"href":"https:\/\/iepcervello.edu.pe\/portal\/wp-json\/wp\/v2\/media?parent=1159"}],"curies":[{"name":"wp","href":"https:\/\/api.w.org\/{rel}","templated":true}]}}